{"id":1899,"date":"2022-07-27T14:08:01","date_gmt":"2022-07-27T14:08:01","guid":{"rendered":"https:\/\/gelatoworld.com\/kennisbank\/"},"modified":"2023-02-15T12:50:49","modified_gmt":"2023-02-15T12:50:49","slug":"wissensbank","status":"publish","type":"page","link":"https:\/\/gelatoworld.com\/de\/wissensbank\/","title":{"rendered":"Wissensbank"},"content":{"rendered":"[vc_row type=&#8220;full_width_background&#8220; full_screen_row_position=&#8220;middle&#8220; column_margin=&#8220;default&#8220; column_direction=&#8220;default&#8220; column_direction_tablet=&#8220;default&#8220; column_direction_phone=&#8220;default&#8220; scene_position=&#8220;center&#8220; top_padding=&#8220;90&#8243; bottom_padding=&#8220;90&#8243; text_color=&#8220;dark&#8220; text_align=&#8220;left&#8220; row_border_radius=&#8220;none&#8220; row_border_radius_applies=&#8220;bg&#8220; overlay_strength=&#8220;0.3&#8243; gradient_direction=&#8220;left_to_right&#8220; shape_divider_position=&#8220;bottom&#8220; bg_image_animation=&#8220;none&#8220; shape_type=&#8220;&#8220;][vc_column column_padding=&#8220;no-extra-padding&#8220; column_padding_tablet=&#8220;inherit&#8220; column_padding_phone=&#8220;inherit&#8220; column_padding_position=&#8220;all&#8220; top_margin=&#8220;0&#8243; column_element_spacing=&#8220;default&#8220; background_color_opacity=&#8220;1&#8243; background_hover_color_opacity=&#8220;1&#8243; column_shadow=&#8220;none&#8220; column_border_radius=&#8220;none&#8220; column_link_target=&#8220;_self&#8220; gradient_direction=&#8220;left_to_right&#8220; overlay_strength=&#8220;0.3&#8243; width=&#8220;1\/1&#8243; tablet_width_inherit=&#8220;default&#8220; tablet_text_alignment=&#8220;default&#8220; phone_text_alignment=&#8220;default&#8220; bg_image_animation=&#8220;none&#8220; border_type=&#8220;simple&#8220; column_border_width=&#8220;none&#8220; column_border_style=&#8220;solid&#8220;][vc_column_text el_class=&#8220;blauwe-tekst groen-ornament&#8220;]\n<h1>Wissensbank<\/h1>\n[\/vc_column_text][divider line_type=&#8220;No Line&#8220; custom_height=&#8220;45&#8243;][vc_column_text]\n\n\n<div id=\"wpv-view-layout-411\" class=\"js-wpv-view-layout js-wpv-layout-responsive js-wpv-view-layout-411\" data-viewnumber=\"411\" data-pagination=\"{&quot;id&quot;:411,&quot;query&quot;:&quot;normal&quot;,&quot;type&quot;:&quot;disabled&quot;,&quot;effect&quot;:&quot;fade&quot;,&quot;duration&quot;:500,&quot;speed&quot;:5,&quot;pause_on_hover&quot;:&quot;disabled&quot;,&quot;stop_rollover&quot;:&quot;false&quot;,&quot;cache_pages&quot;:&quot;enabled&quot;,&quot;preload_images&quot;:&quot;enabled&quot;,&quot;preload_pages&quot;:&quot;enabled&quot;,&quot;preload_reach&quot;:1,&quot;spinner&quot;:&quot;builtin&quot;,&quot;spinner_image&quot;:&quot;https:\/\/gelatoworld.com\/wp-content\/plugins\/wp-views\/embedded\/res\/img\/ajax-loader.gif&quot;,&quot;callback_next&quot;:&quot;&quot;,&quot;manage_history&quot;:&quot;enabled&quot;,&quot;has_controls_in_form&quot;:&quot;disabled&quot;,&quot;infinite_tolerance&quot;:&quot;0&quot;,&quot;max_pages&quot;:0,&quot;page&quot;:1,&quot;base_permalink&quot;:&quot;\/de\/wp-json\/wp\/v2\/pages\/1899?wpv_view_count=411&amp;wpv_paged=WPV_PAGE_NUM&quot;,&quot;loop&quot;:{&quot;type&quot;:&quot;&quot;,&quot;name&quot;:&quot;&quot;,&quot;data&quot;:[],&quot;id&quot;:0}}\" data-permalink=\"\/de\/wp-json\/wp\/v2\/pages\/1899?wpv_view_count=411\">\n\n\t\n<div class=\"mpbr-flex-grid drie-koloms\">\n\t\n\t\n      \n\n\t\t<a class=\"\" href=\"https:\/\/gelatoworld.com\/de\/welche-eisvitrine-passt-zu-deiner-eisdiele\/\" >\n  <div class=\"product-blokje\">\n  <div class=\"grid-blokje\">\n    <span class=\"kennisbank-datum\">\n    <img decoding=\"async\" src=\"\/wp-content\/uploads\/datum-icoon.svg\" \/> 20-03-2026\n    <\/span>\n  <div class=\"achtergrond-container\">\n    <div class=\"achtergrond-laag\" style=\"background-image:url(https:\/\/gelatoworld.com\/wp-content\/uploads\/Clabo_Ambiente_2-1024x551.jpeg);\"><\/div>\n  <\/div>\n<\/div>\n\n<div class=\"onderkant-content\">\n  <h3>Welche Eisvitrine passt zu deiner Eisdiele? 3 Situationen und ein praktischer Kaufratgeber<\/h3>\n<\/div>\n  \n<\/div>  \n<\/a>\n\n\n\t\n      \n\n\t\t<a class=\"\" href=\"https:\/\/gelatoworld.com\/de\/box-pozzetti-orion-ein-neuer-standard-fur-eisvitrinen\/\" >\n  <div class=\"product-blokje\">\n  <div class=\"grid-blokje\">\n    <span class=\"kennisbank-datum\">\n    <img decoding=\"async\" src=\"\/wp-content\/uploads\/datum-icoon.svg\" \/> 02-02-2026\n    <\/span>\n  <div class=\"achtergrond-container\">\n    <div class=\"achtergrond-laag\" style=\"background-image:url(https:\/\/gelatoworld.com\/wp-content\/uploads\/Clabo_Ambiente_1-1024x551.jpeg);\"><\/div>\n  <\/div>\n<\/div>\n\n<div class=\"onderkant-content\">\n  <h3>Die neuen Box Pozzetti von Orion: ein neuer Standard f\u00fcr Eisvitrinen<\/h3>\n<\/div>\n  \n<\/div>  \n<\/a>\n\n\n\t\n      \n\n\t\t<a class=\"\" href=\"https:\/\/gelatoworld.com\/de\/blog-slush-puppie-slushmaschine\/\" >\n  <div class=\"product-blokje\">\n  <div class=\"grid-blokje\">\n    <span class=\"kennisbank-datum\">\n    <img decoding=\"async\" src=\"\/wp-content\/uploads\/datum-icoon.svg\" \/> 15-10-2025\n    <\/span>\n  <div class=\"achtergrond-container\">\n    <div class=\"achtergrond-laag\" style=\"background-image:url(https:\/\/gelatoworld.com\/wp-content\/uploads\/SP_Cup-TopView-Background-1024x576.jpg);\"><\/div>\n  <\/div>\n<\/div>\n\n<div class=\"onderkant-content\">\n  <h3>Slush Puppie: die originale Slush-Maschine f\u00fcr Ihr Gesch\u00e4ft oder Event<\/h3>\n<\/div>\n  \n<\/div>  \n<\/a>\n\n\n\t\n      \n\n\t\t<a class=\"\" href=\"https:\/\/gelatoworld.com\/de\/3-tipps-fuer-den-kauf-von-eisvitrinen\/\" >\n  <div class=\"product-blokje\">\n  <div class=\"grid-blokje\">\n    <span class=\"kennisbank-datum\">\n    <img decoding=\"async\" src=\"\/wp-content\/uploads\/datum-icoon.svg\" \/> 08-05-2025\n    <\/span>\n  <div class=\"achtergrond-container\">\n    <div class=\"achtergrond-laag\" style=\"background-image:url(https:\/\/gelatoworld.com\/wp-content\/uploads\/Screenshot-2025-01-20-at-18.02.09-1024x576.png);\"><\/div>\n  <\/div>\n<\/div>\n\n<div class=\"onderkant-content\">\n  <h3>3 Tipps f\u00fcr den Kauf von Eisvitrinen<\/h3>\n<\/div>\n  \n<\/div>  \n<\/a>\n\n\n\t\n      \n\n\t\t<a class=\"\" href=\"https:\/\/gelatoworld.com\/de\/schlagsahne-maschine-von-bravo\/\" >\n  <div class=\"product-blokje\">\n  <div class=\"grid-blokje\">\n    <span class=\"kennisbank-datum\">\n    <img decoding=\"async\" src=\"\/wp-content\/uploads\/datum-icoon.svg\" \/> 01-04-2025\n    <\/span>\n  <div class=\"achtergrond-container\">\n    <div class=\"achtergrond-laag\" style=\"background-image:url(https:\/\/gelatoworld.com\/wp-content\/uploads\/dani-CLtLGfF6mwI-unsplash_11zon-683x1024.jpg);\"><\/div>\n  <\/div>\n<\/div>\n\n<div class=\"onderkant-content\">\n  <h3>Entdecke die innovative Schlagsahne Maschine von Bravo<\/h3>\n<\/div>\n  \n<\/div>  \n<\/a>\n\n\n\t\n      \n\n\t\t<a class=\"\" href=\"https:\/\/gelatoworld.com\/de\/bravo-ionic-system\/\" >\n  <div class=\"product-blokje\">\n  <div class=\"grid-blokje\">\n    <span class=\"kennisbank-datum\">\n    <img decoding=\"async\" src=\"\/wp-content\/uploads\/datum-icoon.svg\" \/> 12-03-2025\n    <\/span>\n  <div class=\"achtergrond-container\">\n    <div class=\"achtergrond-laag\" style=\"background-image:url(https:\/\/gelatoworld.com\/wp-content\/uploads\/en_trittico_catalogo_gelato_web-21-part-2-724x1024.jpg);\"><\/div>\n  <\/div>\n<\/div>\n\n<div class=\"onderkant-content\">\n  <h3>Bravo Ionic System: Alles, was du wissen musst<\/h3>\n<\/div>\n  \n<\/div>  \n<\/a>\n\n\n\t\n      \n\n\t\t<a class=\"\" href=\"https:\/\/gelatoworld.com\/de\/bravo-professionelle-eismaschinen\/\" >\n  <div class=\"product-blokje\">\n  <div class=\"grid-blokje\">\n    <span class=\"kennisbank-datum\">\n    <img decoding=\"async\" src=\"\/wp-content\/uploads\/datum-icoon.svg\" \/> 13-01-2025\n    <\/span>\n  <div class=\"achtergrond-container\">\n    <div class=\"achtergrond-laag\" style=\"background-image:url(https:\/\/gelatoworld.com\/wp-content\/uploads\/02_2_11zon-1024x683.jpg);\"><\/div>\n  <\/div>\n<\/div>\n\n<div class=\"onderkant-content\">\n  <h3>Bravo\u2019s professionelle Eismaschine &#038; einzigartige Zusatzprodukte<\/h3>\n<\/div>\n  \n<\/div>  \n<\/a>\n\n\n\t\n      \n\n\t\t<a class=\"\" href=\"https:\/\/gelatoworld.com\/de\/professionellen-eismaschinen-bravo\/\" >\n  <div class=\"product-blokje\">\n  <div class=\"grid-blokje\">\n    <span class=\"kennisbank-datum\">\n    <img decoding=\"async\" src=\"\/wp-content\/uploads\/datum-icoon.svg\" \/> 11-11-2024\n    <\/span>\n  <div class=\"achtergrond-container\">\n    <div class=\"achtergrond-laag\" style=\"background-image:url(https:\/\/gelatoworld.com\/wp-content\/uploads\/07_7_11zon-1024x682.jpg);\"><\/div>\n  <\/div>\n<\/div>\n\n<div class=\"onderkant-content\">\n  <h3>Die professionellen Eismaschinen von Bravo<\/h3>\n<\/div>\n  \n<\/div>  \n<\/a>\n\n\n\t\n      \n\n\t\t<a class=\"\" href=\"https:\/\/gelatoworld.com\/de\/warum-eine-belueftete-eisvitrine-waehlen-entdecken-sie-alles-darueber\/\" >\n  <div class=\"product-blokje\">\n  <div class=\"grid-blokje\">\n    <span class=\"kennisbank-datum\">\n    <img decoding=\"async\" src=\"\/wp-content\/uploads\/datum-icoon.svg\" \/> 27-09-2024\n    <\/span>\n  <div class=\"achtergrond-container\">\n    <div class=\"achtergrond-laag\" style=\"background-image:url(https:\/\/gelatoworld.com\/wp-content\/uploads\/orion-geforceerde-ijsvitrine-min-1024x571.png);\"><\/div>\n  <\/div>\n<\/div>\n\n<div class=\"onderkant-content\">\n  <h3>Warum eine Bel\u00fcftete Eisvitrine w\u00e4hlen? Entdecken Sie alles dar\u00fcber<\/h3>\n<\/div>\n  \n<\/div>  \n<\/a>\n\n\n\t\n      \n\n\t\t<a class=\"\" href=\"https:\/\/gelatoworld.com\/de\/bravo-eismaschine\/\" >\n  <div class=\"product-blokje\">\n  <div class=\"grid-blokje\">\n    <span class=\"kennisbank-datum\">\n    <img decoding=\"async\" src=\"\/wp-content\/uploads\/datum-icoon.svg\" \/> 27-08-2024\n    <\/span>\n  <div class=\"achtergrond-container\">\n    <div class=\"achtergrond-laag\" style=\"background-image:url(https:\/\/gelatoworld.com\/wp-content\/uploads\/bravo-ijsmachine-1-1024x682.jpg);\"><\/div>\n  <\/div>\n<\/div>\n\n<div class=\"onderkant-content\">\n  <h3>Entdecken Sie die Bravo Eismaschine<\/h3>\n<\/div>\n  \n<\/div>  \n<\/a>\n\n\n\t\n      \n\n\t\t<a class=\"\" href=\"https:\/\/gelatoworld.com\/de\/ratschlaege-fuer-professionelle-eisvitrinen-besitzer\/\" >\n  <div class=\"product-blokje\">\n  <div class=\"grid-blokje\">\n    <span class=\"kennisbank-datum\">\n    <img decoding=\"async\" src=\"\/wp-content\/uploads\/datum-icoon.svg\" \/> 05-08-2024\n    <\/span>\n  <div class=\"achtergrond-container\">\n    <div class=\"achtergrond-laag\" style=\"background-image:url(https:\/\/gelatoworld.com\/wp-content\/uploads\/Orion-Kate-2018-bianca-vaschette-1-1024x683.jpg);\"><\/div>\n  <\/div>\n<\/div>\n\n<div class=\"onderkant-content\">\n  <h3>4 wichtige Ratschl\u00e4ge, die Sie als Inhaber einer professionelle Eisvitrine im Sommer beachten sollten<\/h3>\n<\/div>\n  \n<\/div>  \n<\/a>\n\n\n\t\n      \n\n\t\t<a class=\"\" href=\"https:\/\/gelatoworld.com\/de\/3-tipps-fuer-die-erhaltung-ihrer-eisvitrine\/\" >\n  <div class=\"product-blokje\">\n  <div class=\"grid-blokje\">\n    <span class=\"kennisbank-datum\">\n    <img decoding=\"async\" src=\"\/wp-content\/uploads\/datum-icoon.svg\" \/> 26-03-2024\n    <\/span>\n  <div class=\"achtergrond-container\">\n    <div class=\"achtergrond-laag\" style=\"background-image:url(https:\/\/gelatoworld.com\/wp-content\/uploads\/orion-365-014-2-1024x698.jpg);\"><\/div>\n  <\/div>\n<\/div>\n\n<div class=\"onderkant-content\">\n  <h3>3 Tipps f\u00fcr die Erhaltung Ihrer Eisvitrine<\/h3>\n<\/div>\n  \n<\/div>  \n<\/a>\n\n\n\t\n      \n\n\t\t<a class=\"\" href=\"https:\/\/gelatoworld.com\/de\/welche-art-von-kuehlaggregat-fuer-speiseeisvitrine\/\" >\n  <div class=\"product-blokje\">\n  <div class=\"grid-blokje\">\n    <span class=\"kennisbank-datum\">\n    <img decoding=\"async\" src=\"\/wp-content\/uploads\/datum-icoon.svg\" \/> 27-11-2023\n    <\/span>\n  <div class=\"achtergrond-container\">\n    <div class=\"achtergrond-laag\" style=\"background-image:url(https:\/\/gelatoworld.com\/wp-content\/uploads\/ZOOM-ANGOLO-890x1024.jpg);\"><\/div>\n  <\/div>\n<\/div>\n\n<div class=\"onderkant-content\">\n  <h3>Welchen Typ von K\u00fchlaggregat sollte ich f\u00fcr meine Eistheke w\u00e4hlen?<\/h3>\n<\/div>\n  \n<\/div>  \n<\/a>\n\n\n\t\n      \n\n\t\t<a class=\"\" href=\"https:\/\/gelatoworld.com\/de\/speiseeisvitrine-auch-als-lagerschrank-verwenden\/\" >\n  <div class=\"product-blokje\">\n  <div class=\"grid-blokje\">\n    <span class=\"kennisbank-datum\">\n    <img decoding=\"async\" src=\"\/wp-content\/uploads\/datum-icoon.svg\" \/> 14-07-2023\n    <\/span>\n  <div class=\"achtergrond-container\">\n    <div class=\"achtergrond-laag\" style=\"background-image:url(https:\/\/gelatoworld.com\/wp-content\/uploads\/KT24-Panamena-768x1024.jpg);\"><\/div>\n  <\/div>\n<\/div>\n\n<div class=\"onderkant-content\">\n  <h3>Kann ich meine Speiseeisvitrine auch als Lagerschrank verwenden?<\/h3>\n<\/div>\n  \n<\/div>  \n<\/a>\n\n\n\t\n      \n\n\t\t<a class=\"\" href=\"https:\/\/gelatoworld.com\/de\/komplettloesung-fuer-einrichtungen-der-horeca\/\" >\n  <div class=\"product-blokje\">\n  <div class=\"grid-blokje\">\n    <span class=\"kennisbank-datum\">\n    <img decoding=\"async\" src=\"\/wp-content\/uploads\/datum-icoon.svg\" \/> 12-06-2023\n    <\/span>\n  <div class=\"achtergrond-container\">\n    <div class=\"achtergrond-laag\" style=\"background-image:url(https:\/\/gelatoworld.com\/wp-content\/uploads\/longus-kyjov-9-1024x1024.jpg);\"><\/div>\n  <\/div>\n<\/div>\n\n<div class=\"onderkant-content\">\n  <h3>Wie sieht eine Komplettl\u00f6sung f\u00fcr Gastronomieunternehmer aus?<\/h3>\n<\/div>\n  \n<\/div>  \n<\/a>\n\n\n\t\n      \n\n\t\t<a class=\"\" href=\"https:\/\/gelatoworld.com\/de\/worauf-achten-kauf-eisvitrine\/\" >\n  <div class=\"product-blokje\">\n  <div class=\"grid-blokje\">\n    <span class=\"kennisbank-datum\">\n    <img decoding=\"async\" src=\"\/wp-content\/uploads\/datum-icoon.svg\" \/> 02-05-2023\n    <\/span>\n  <div class=\"achtergrond-container\">\n    <div class=\"achtergrond-laag\" style=\"background-image:url(https:\/\/gelatoworld.com\/wp-content\/uploads\/CLA5425-681x1024.jpg);\"><\/div>\n  <\/div>\n<\/div>\n\n<div class=\"onderkant-content\">\n  <h3>Worauf sollte man beim Kauf einer Eisvitrine achten?<\/h3>\n<\/div>\n  \n<\/div>  \n<\/a>\n\n\n\t\n      \n\n\t\t<a class=\"\" href=\"https:\/\/gelatoworld.com\/de\/welche-kuhltechniken-fur-eisvitrinen\/\" >\n  <div class=\"product-blokje\">\n  <div class=\"grid-blokje\">\n    <span class=\"kennisbank-datum\">\n    <img decoding=\"async\" src=\"\/wp-content\/uploads\/datum-icoon.svg\" \/> 13-04-2023\n    <\/span>\n  <div class=\"achtergrond-container\">\n    <div class=\"achtergrond-laag\" style=\"background-image:url(https:\/\/gelatoworld.com\/wp-content\/uploads\/orion-365-039-1-680x1024.jpg);\"><\/div>\n  <\/div>\n<\/div>\n\n<div class=\"onderkant-content\">\n  <h3>Welche K\u00fchltechniken gibt es f\u00fcr Eisvitrinen?<\/h3>\n<\/div>\n  \n<\/div>  \n<\/a>\n\n\n\t\n\t\n          <\/div>\n\t\n\t\n<\/div>\n[\/vc_column_text][\/vc_column][\/vc_row]\n","protected":false},"excerpt":{"rendered":"<p>[vc_row type=&#8220;full_width_background&#8220; full_screen_row_position=&#8220;middle&#8220; column_margin=&#8220;default&#8220; column_direction=&#8220;default&#8220; column_direction_tablet=&#8220;default&#8220; column_direction_phone=&#8220;default&#8220; scene_position=&#8220;center&#8220; top_padding=&#8220;90&#8243; bottom_padding=&#8220;90&#8243; text_color=&#8220;dark&#8220; text_align=&#8220;left&#8220; row_border_radius=&#8220;none&#8220; row_border_radius_applies=&#8220;bg&#8220; overlay_strength=&#8220;0.3&#8243; gradient_direction=&#8220;left_to_right&#8220; shape_divider_position=&#8220;bottom&#8220; bg_image_animation=&#8220;none&#8220; shape_type=&#8220;&#8220;][vc_column column_padding=&#8220;no-extra-padding&#8220; column_padding_tablet=&#8220;inherit&#8220; column_padding_phone=&#8220;inherit&#8220; column_padding_position=&#8220;all&#8220; top_margin=&#8220;0&#8243; column_element_spacing=&#8220;default&#8220; background_color_opacity=&#8220;1&#8243; background_hover_color_opacity=&#8220;1&#8243; column_shadow=&#8220;none&#8220; column_border_radius=&#8220;none&#8220; column_link_target=&#8220;_self&#8220;&#8230;<\/p>\n","protected":false},"author":3,"featured_media":0,"parent":0,"menu_order":0,"comment_status":"closed","ping_status":"closed","template":"","meta":{"footnotes":""},"class_list":["post-1899","page","type-page","status-publish"],"_links":{"self":[{"href":"https:\/\/gelatoworld.com\/de\/wp-json\/wp\/v2\/pages\/1899","targetHints":{"allow":["GET"]}}],"collection":[{"href":"https:\/\/gelatoworld.com\/de\/wp-json\/wp\/v2\/pages"}],"about":[{"href":"https:\/\/gelatoworld.com\/de\/wp-json\/wp\/v2\/types\/page"}],"author":[{"embeddable":true,"href":"https:\/\/gelatoworld.com\/de\/wp-json\/wp\/v2\/users\/3"}],"replies":[{"embeddable":true,"href":"https:\/\/gelatoworld.com\/de\/wp-json\/wp\/v2\/comments?post=1899"}],"version-history":[{"count":1,"href":"https:\/\/gelatoworld.com\/de\/wp-json\/wp\/v2\/pages\/1899\/revisions"}],"predecessor-version":[{"id":2270,"href":"https:\/\/gelatoworld.com\/de\/wp-json\/wp\/v2\/pages\/1899\/revisions\/2270"}],"wp:attachment":[{"href":"https:\/\/gelatoworld.com\/de\/wp-json\/wp\/v2\/media?parent=1899"}],"curies":[{"name":"wp","href":"https:\/\/api.w.org\/{rel}","templated":true}]}}