{"id":1902,"date":"2022-07-28T08:59:42","date_gmt":"2022-07-28T08:59:42","guid":{"rendered":"https:\/\/gelatoworld.com\/alle-producten\/"},"modified":"2024-07-11T12:50:22","modified_gmt":"2024-07-11T12:50:22","slug":"alle-produkte","status":"publish","type":"page","link":"https:\/\/gelatoworld.com\/de\/alle-produkte\/","title":{"rendered":"Alle produkte"},"content":{"rendered":"[vc_row type=&#8220;full_width_background&#8220; full_screen_row_position=&#8220;middle&#8220; column_margin=&#8220;default&#8220; column_direction=&#8220;default&#8220; column_direction_tablet=&#8220;default&#8220; column_direction_phone=&#8220;default&#8220; scene_position=&#8220;center&#8220; top_padding=&#8220;90&#8243; bottom_padding=&#8220;90&#8243; text_color=&#8220;dark&#8220; text_align=&#8220;left&#8220; row_border_radius=&#8220;none&#8220; row_border_radius_applies=&#8220;bg&#8220; overlay_strength=&#8220;0.3&#8243; gradient_direction=&#8220;left_to_right&#8220; shape_divider_position=&#8220;bottom&#8220; bg_image_animation=&#8220;none&#8220; shape_type=&#8220;&#8220;][vc_column column_padding=&#8220;no-extra-padding&#8220; column_padding_tablet=&#8220;inherit&#8220; column_padding_phone=&#8220;inherit&#8220; column_padding_position=&#8220;all&#8220; top_margin=&#8220;0&#8243; column_element_spacing=&#8220;default&#8220; background_color_opacity=&#8220;1&#8243; background_hover_color_opacity=&#8220;1&#8243; column_shadow=&#8220;none&#8220; column_border_radius=&#8220;none&#8220; column_link_target=&#8220;_self&#8220; gradient_direction=&#8220;left_to_right&#8220; overlay_strength=&#8220;0.3&#8243; width=&#8220;1\/1&#8243; tablet_width_inherit=&#8220;default&#8220; tablet_text_alignment=&#8220;default&#8220; phone_text_alignment=&#8220;default&#8220; bg_image_animation=&#8220;none&#8220; border_type=&#8220;simple&#8220; column_border_width=&#8220;none&#8220; column_border_style=&#8220;solid&#8220;][vc_column_text el_class=&#8220;blauwe-tekst groen-ornament&#8220;]\n<h2>Speiseeis-Vitrinen und mehr<\/h2>\n[\/vc_column_text][vc_column_text]Seit \u00fcber 30 Jahren klopfen Inhaber von Eisdielen und anderen Gastronomiebetrieben auf dem europ\u00e4ischen Markt f\u00fcr unsere Produkte bei <a href=\"https:\/\/gelatoworld.com\/de\/\">Gelato World<\/a> an. Mit ma\u00dfgeschneiderten L\u00f6sungen und der Beratung von Gastronomen beim Aufbau ihrer Eisdielen unterst\u00fctzen wir sie bei der Verwirklichung ihres Traums.<\/p>\n<p>In den letzten Jahren haben wir viel Wissen und Erfahrung bei der Einrichtung von Eissalons und der Lieferung hochwertiger Eisvitrinen gesammelt. Deshalb liefern wir nur die hochwertigsten Produkte aus Italien. Wir wissen auch, dass kein Standort dem anderen gleicht. Deshalb ist es f\u00fcr Unternehmer wichtig, dass sie die Eisvitrinen an die spezifischen Anforderungen anpassen k\u00f6nnen.<\/p>\n<p>Als Spezialist f\u00fcr Speiseeisvitrinen, Eiskugelvitrinen und Aufbewahrungsvitrinen bieten wir eine breite Palette an hochwertigen Produkten. Neben unseren Gesamtl\u00f6sungen ist es auch m\u00f6glich, ein Produkt nach spezifischen W\u00fcnschen und Anforderungen ma\u00dfschneidern zu lassen. Wir k\u00f6nnen Sie auch bei der Bestimmung der richtigen K\u00e4ltetechnik f\u00fcr Ihre Eisdiele unterst\u00fctzen.<\/p>\n<p>Nachfolgend finden Sie eine \u00dcbersicht \u00fcber alle Eisduschen und Lagerschr\u00e4nke, die wir von Gelato World liefern.[\/vc_column_text][divider line_type=&#8220;No Line&#8220; custom_height=&#8220;45&#8243;][vc_column_text]\n\n\n<div id=\"wpv-view-layout-158\" class=\"js-wpv-view-layout js-wpv-layout-responsive js-wpv-view-layout-158\" data-viewnumber=\"158\" data-pagination=\"{&quot;id&quot;:158,&quot;query&quot;:&quot;normal&quot;,&quot;type&quot;:&quot;disabled&quot;,&quot;effect&quot;:&quot;fade&quot;,&quot;duration&quot;:500,&quot;speed&quot;:5,&quot;pause_on_hover&quot;:&quot;disabled&quot;,&quot;stop_rollover&quot;:&quot;false&quot;,&quot;cache_pages&quot;:&quot;enabled&quot;,&quot;preload_images&quot;:&quot;enabled&quot;,&quot;preload_pages&quot;:&quot;enabled&quot;,&quot;preload_reach&quot;:1,&quot;spinner&quot;:&quot;builtin&quot;,&quot;spinner_image&quot;:&quot;https:\/\/gelatoworld.com\/wp-content\/plugins\/wp-views\/embedded\/res\/img\/ajax-loader.gif&quot;,&quot;callback_next&quot;:&quot;&quot;,&quot;manage_history&quot;:&quot;enabled&quot;,&quot;has_controls_in_form&quot;:&quot;disabled&quot;,&quot;infinite_tolerance&quot;:&quot;0&quot;,&quot;max_pages&quot;:0,&quot;page&quot;:1,&quot;base_permalink&quot;:&quot;\/de\/wp-json\/wp\/v2\/pages\/1902?wpv_view_count=158&amp;wpv_paged=WPV_PAGE_NUM&quot;,&quot;loop&quot;:{&quot;type&quot;:&quot;&quot;,&quot;name&quot;:&quot;&quot;,&quot;data&quot;:[],&quot;id&quot;:0}}\" data-permalink=\"\/de\/wp-json\/wp\/v2\/pages\/1902?wpv_view_count=158\">\n\n\t\n<div class=\"mpbr-flex-grid drie-koloms\">\n\t\n\t\n      \n\n\t\t<a class=\"\" href=\"https:\/\/gelatoworld.com\/de\/product\/lepel-spoelbakje\/\" >\n  <div class=\"product-blokje\">\n  <div class=\"grid-blokje in-slider\">\n  <div class=\"achtergrond-container\">\n    <div class=\"achtergrond-laag\" style=\"background-image:url(https:\/\/gelatoworld.com\/wp-content\/uploads\/Scherm\u00adafbeelding-2025-03-28-om-16.02.12-1024x753.png);\"><\/div>\n  <\/div>\n<\/div>\n\n<div class=\"onderkant-content\">\n  <span class=\"product-merk\"><\/span>\n  <h3>Lepel spoelbakje<\/h3>\n<\/div>\n  \n<\/div>  \n<\/a>\n\n\n\t\n      \n\n\t\t<a class=\"\" href=\"https:\/\/gelatoworld.com\/de\/product\/trittico-executive-premium\/\" >\n  <div class=\"product-blokje\">\n  <div class=\"grid-blokje in-slider\">\n  <div class=\"achtergrond-container\">\n    <div class=\"achtergrond-laag\" style=\"background-image:url();\"><\/div>\n  <\/div>\n<\/div>\n\n<div class=\"onderkant-content\">\n  <span class=\"product-merk\"><\/span>\n  <h3>Trittico Executive Premium<\/h3>\n<\/div>\n  \n<\/div>  \n<\/a>\n\n\n\t\n      \n\n\t\t<a class=\"\" href=\"https:\/\/gelatoworld.com\/de\/product\/neos\/\" >\n  <div class=\"product-blokje\">\n  <div class=\"grid-blokje in-slider\">\n  <div class=\"achtergrond-container\">\n    <div class=\"achtergrond-laag\" style=\"background-image:url(https:\/\/gelatoworld.com\/wp-content\/uploads\/Image-2486O2_500_500-14.jpg);\"><\/div>\n  <\/div>\n<\/div>\n\n<div class=\"onderkant-content\">\n  <span class=\"product-merk\">Ilsa<\/span>\n  <h3>Neos<\/h3>\n<\/div>\n  \n<\/div>  \n<\/a>\n\n\n\t\n      \n\n\t\t<a class=\"\" href=\"https:\/\/gelatoworld.com\/de\/product\/orion-nine\/\" >\n  <div class=\"product-blokje\">\n  <div class=\"grid-blokje in-slider\">\n  <div class=\"achtergrond-container\">\n    <div class=\"achtergrond-laag\" style=\"background-image:url(https:\/\/gelatoworld.com\/wp-content\/uploads\/CLABO-RISTORAZIONE_10762_3ok-1-848x1024.jpg);\"><\/div>\n  <\/div>\n<\/div>\n\n<div class=\"onderkant-content\">\n  <span class=\"product-merk\">Orion<\/span>\n  <h3>Nine<\/h3>\n<\/div>\n  \n<\/div>  \n<\/a>\n\n\n\t\n      \n\n\t\t<a class=\"\" href=\"https:\/\/gelatoworld.com\/de\/product\/orion-kt24\/\" >\n  <div class=\"product-blokje\">\n  <div class=\"grid-blokje in-slider\">\n  <div class=\"achtergrond-container\">\n    <div class=\"achtergrond-laag\" style=\"background-image:url(https:\/\/gelatoworld.com\/wp-content\/uploads\/Banco-gelati-015-1024x768.jpg);\"><\/div>\n  <\/div>\n<\/div>\n\n<div class=\"onderkant-content\">\n  <span class=\"product-merk\">Orion<\/span>\n  <h3>KT24<\/h3>\n<\/div>\n  \n<\/div>  \n<\/a>\n\n\n\t\n      \n\n\t\t<a class=\"\" href=\"https:\/\/gelatoworld.com\/de\/product\/365\/\" >\n  <div class=\"product-blokje\">\n  <div class=\"grid-blokje in-slider\">\n  <div class=\"achtergrond-container\">\n    <div class=\"achtergrond-laag\" style=\"background-image:url(https:\/\/gelatoworld.com\/wp-content\/uploads\/orion-365-026.jpg);\"><\/div>\n  <\/div>\n<\/div>\n\n<div class=\"onderkant-content\">\n  <span class=\"product-merk\">Orion<\/span>\n  <h3>365<\/h3>\n<\/div>\n  \n<\/div>  \n<\/a>\n\n\n\t\n      \n\n\t\t<a class=\"\" href=\"https:\/\/gelatoworld.com\/de\/product\/koreia\/\" >\n  <div class=\"product-blokje\">\n  <div class=\"grid-blokje in-slider\">\n  <div class=\"achtergrond-container\">\n    <div class=\"achtergrond-laag\" style=\"background-image:url(https:\/\/gelatoworld.com\/wp-content\/uploads\/koreia-vetrina-rossa-1024x647.jpg);\"><\/div>\n  <\/div>\n<\/div>\n\n<div class=\"onderkant-content\">\n  <span class=\"product-merk\">Orion<\/span>\n  <h3>Koreia<\/h3>\n<\/div>\n  \n<\/div>  \n<\/a>\n\n\n\t\n      \n\n\t\t<a class=\"\" href=\"https:\/\/gelatoworld.com\/de\/product\/tecnica\/\" >\n  <div class=\"product-blokje\">\n  <div class=\"grid-blokje in-slider\">\n  <div class=\"achtergrond-container\">\n    <div class=\"achtergrond-laag\" style=\"background-image:url(https:\/\/gelatoworld.com\/wp-content\/uploads\/tecnica-vetrina-vista-basso-1024x888.jpg);\"><\/div>\n  <\/div>\n<\/div>\n\n<div class=\"onderkant-content\">\n  <span class=\"product-merk\">Orion<\/span>\n  <h3>Tecnica<\/h3>\n<\/div>\n  \n<\/div>  \n<\/a>\n\n\n\t\n      \n\n\t\t<a class=\"\" href=\"https:\/\/gelatoworld.com\/de\/product\/kate\/\" >\n  <div class=\"product-blokje\">\n  <div class=\"grid-blokje in-slider\">\n  <div class=\"achtergrond-container\">\n    <div class=\"achtergrond-laag\" style=\"background-image:url(https:\/\/gelatoworld.com\/wp-content\/uploads\/Orion-Kate-2018-rossa-1024x635.jpg);\"><\/div>\n  <\/div>\n<\/div>\n\n<div class=\"onderkant-content\">\n  <span class=\"product-merk\">Orion<\/span>\n  <h3>Kate<\/h3>\n<\/div>\n  \n<\/div>  \n<\/a>\n\n\n\t\n      \n\n\t\t<a class=\"\" href=\"https:\/\/gelatoworld.com\/de\/product\/evo\/\" >\n  <div class=\"product-blokje\">\n  <div class=\"grid-blokje in-slider\">\n  <div class=\"achtergrond-container\">\n    <div class=\"achtergrond-laag\" style=\"background-image:url(https:\/\/gelatoworld.com\/wp-content\/uploads\/Schermafbeelding-2022-10-19-om-14.01.42-1024x890.png);\"><\/div>\n  <\/div>\n<\/div>\n\n<div class=\"onderkant-content\">\n  <span class=\"product-merk\">Orion<\/span>\n  <h3>Evo<\/h3>\n<\/div>\n  \n<\/div>  \n<\/a>\n\n\n\t\n      \n\n\t\t<a class=\"\" href=\"https:\/\/gelatoworld.com\/de\/product\/ice3\/\" >\n  <div class=\"product-blokje\">\n  <div class=\"grid-blokje in-slider\">\n  <div class=\"achtergrond-container\">\n    <div class=\"achtergrond-laag\" style=\"background-image:url(https:\/\/gelatoworld.com\/wp-content\/uploads\/Vetrina-Gelateria-2-1024x1024.jpg);\"><\/div>\n  <\/div>\n<\/div>\n\n<div class=\"onderkant-content\">\n  <span class=\"product-merk\">Orion<\/span>\n  <h3>Ice3<\/h3>\n<\/div>\n  \n<\/div>  \n<\/a>\n\n\n\t\n      \n\n\t\t<a class=\"\" href=\"https:\/\/gelatoworld.com\/de\/product\/cosmo\/\" >\n  <div class=\"product-blokje\">\n  <div class=\"grid-blokje in-slider\">\n  <div class=\"achtergrond-container\">\n    <div class=\"achtergrond-laag\" style=\"background-image:url(https:\/\/gelatoworld.com\/wp-content\/uploads\/Scherm\u00adafbeelding-2022-12-19-om-15.58.21-801x1024.png);\"><\/div>\n  <\/div>\n<\/div>\n\n<div class=\"onderkant-content\">\n  <span class=\"product-merk\">Orion<\/span>\n  <h3>Cosmo<\/h3>\n<\/div>\n  \n<\/div>  \n<\/a>\n\n\n\t\n      \n\n\t\t<a class=\"\" href=\"https:\/\/gelatoworld.com\/de\/product\/blue\/\" >\n  <div class=\"product-blokje\">\n  <div class=\"grid-blokje in-slider\">\n  <div class=\"achtergrond-container\">\n    <div class=\"achtergrond-laag\" style=\"background-image:url(https:\/\/gelatoworld.com\/wp-content\/uploads\/Scherm\u00adafbeelding-2022-12-19-om-15.12.21-851x1024.png);\"><\/div>\n  <\/div>\n<\/div>\n\n<div class=\"onderkant-content\">\n  <span class=\"product-merk\">Orion<\/span>\n  <h3>Blue<\/h3>\n<\/div>\n  \n<\/div>  \n<\/a>\n\n\n\t\n\t\n          <\/div>\n\t\n\t\n<\/div>\n[\/vc_column_text][\/vc_column][\/vc_row]\n","protected":false},"excerpt":{"rendered":"<p>[vc_row type=&#8220;full_width_background&#8220; full_screen_row_position=&#8220;middle&#8220; column_margin=&#8220;default&#8220; column_direction=&#8220;default&#8220; column_direction_tablet=&#8220;default&#8220; column_direction_phone=&#8220;default&#8220; scene_position=&#8220;center&#8220; top_padding=&#8220;90&#8243; bottom_padding=&#8220;90&#8243; text_color=&#8220;dark&#8220; text_align=&#8220;left&#8220; row_border_radius=&#8220;none&#8220; row_border_radius_applies=&#8220;bg&#8220; overlay_strength=&#8220;0.3&#8243; gradient_direction=&#8220;left_to_right&#8220; shape_divider_position=&#8220;bottom&#8220; bg_image_animation=&#8220;none&#8220; shape_type=&#8220;&#8220;][vc_column column_padding=&#8220;no-extra-padding&#8220; column_padding_tablet=&#8220;inherit&#8220; column_padding_phone=&#8220;inherit&#8220; column_padding_position=&#8220;all&#8220; top_margin=&#8220;0&#8243; column_element_spacing=&#8220;default&#8220; background_color_opacity=&#8220;1&#8243; background_hover_color_opacity=&#8220;1&#8243; column_shadow=&#8220;none&#8220; column_border_radius=&#8220;none&#8220; column_link_target=&#8220;_self&#8220;&#8230;<\/p>\n","protected":false},"author":3,"featured_media":0,"parent":0,"menu_order":0,"comment_status":"closed","ping_status":"closed","template":"","meta":{"footnotes":""},"class_list":["post-1902","page","type-page","status-publish"],"_links":{"self":[{"href":"https:\/\/gelatoworld.com\/de\/wp-json\/wp\/v2\/pages\/1902","targetHints":{"allow":["GET"]}}],"collection":[{"href":"https:\/\/gelatoworld.com\/de\/wp-json\/wp\/v2\/pages"}],"about":[{"href":"https:\/\/gelatoworld.com\/de\/wp-json\/wp\/v2\/types\/page"}],"author":[{"embeddable":true,"href":"https:\/\/gelatoworld.com\/de\/wp-json\/wp\/v2\/users\/3"}],"replies":[{"embeddable":true,"href":"https:\/\/gelatoworld.com\/de\/wp-json\/wp\/v2\/comments?post=1902"}],"version-history":[{"count":4,"href":"https:\/\/gelatoworld.com\/de\/wp-json\/wp\/v2\/pages\/1902\/revisions"}],"predecessor-version":[{"id":2714,"href":"https:\/\/gelatoworld.com\/de\/wp-json\/wp\/v2\/pages\/1902\/revisions\/2714"}],"wp:attachment":[{"href":"https:\/\/gelatoworld.com\/de\/wp-json\/wp\/v2\/media?parent=1902"}],"curies":[{"name":"wp","href":"https:\/\/api.w.org\/{rel}","templated":true}]}}