{"id":1905,"date":"2022-09-13T11:20:08","date_gmt":"2022-09-13T11:20:08","guid":{"rendered":"https:\/\/gelatoworld.com\/producten-ilsa\/"},"modified":"2024-07-11T12:51:40","modified_gmt":"2024-07-11T12:51:40","slug":"produkte-ilsa","status":"publish","type":"page","link":"https:\/\/gelatoworld.com\/de\/produkte-ilsa\/","title":{"rendered":"Entdecken sie Ilsa"},"content":{"rendered":"[vc_row type=&#8220;full_width_background&#8220; full_screen_row_position=&#8220;middle&#8220; column_margin=&#8220;default&#8220; column_direction=&#8220;default&#8220; column_direction_tablet=&#8220;default&#8220; column_direction_phone=&#8220;default&#8220; scene_position=&#8220;center&#8220; top_padding=&#8220;90&#8243; bottom_padding=&#8220;90&#8243; text_color=&#8220;dark&#8220; text_align=&#8220;left&#8220; row_border_radius=&#8220;none&#8220; row_border_radius_applies=&#8220;bg&#8220; overlay_strength=&#8220;0.3&#8243; gradient_direction=&#8220;left_to_right&#8220; shape_divider_position=&#8220;bottom&#8220; bg_image_animation=&#8220;none&#8220; shape_type=&#8220;&#8220;][vc_column column_padding=&#8220;no-extra-padding&#8220; column_padding_tablet=&#8220;inherit&#8220; column_padding_phone=&#8220;inherit&#8220; column_padding_position=&#8220;all&#8220; top_margin=&#8220;0&#8243; column_element_spacing=&#8220;default&#8220; background_color_opacity=&#8220;1&#8243; background_hover_color_opacity=&#8220;1&#8243; column_shadow=&#8220;none&#8220; column_border_radius=&#8220;none&#8220; column_link_target=&#8220;_self&#8220; gradient_direction=&#8220;left_to_right&#8220; overlay_strength=&#8220;0.3&#8243; width=&#8220;1\/1&#8243; tablet_width_inherit=&#8220;default&#8220; tablet_text_alignment=&#8220;default&#8220; phone_text_alignment=&#8220;default&#8220; bg_image_animation=&#8220;none&#8220; border_type=&#8220;simple&#8220; column_border_width=&#8220;none&#8220; column_border_style=&#8220;solid&#8220;][vc_column_text el_class=&#8220;blauwe-tekst groen-ornament&#8220;]\n<h2>Entdecken sie Ilsa<\/h2>\n[\/vc_column_text][vc_column_text]Um Ihren Kunden Eis in bester Qualit\u00e4t servieren zu k\u00f6nnen, ist es wichtig, dass das Eis richtig gelagert wird. Idealerweise geschieht dies mit einem Eislagerschrank oder einer Gefriertruhe wie der Ilsa-Gefriertruhe. Dieses Produkt hat einen hohen Isolierwert und eine robuste Bauqualit\u00e4t. Bei richtiger Pflege h\u00e4lt die Eisvitrine sogar 10 Jahre und l\u00e4nger. Die Ilsa-Tiefk\u00fchltruhe hat das beste Preis-Leistungs-Verh\u00e4ltnis auf dem Markt. Nicht zuletzt wegen ihrer Qualit\u00e4t, ihrer Langlebigkeit und ihres Preises liefern wir von Gelato World dieses Modell an unsere Kunden. M\u00f6chten Sie wissen, ob die Ilsa-Tiefk\u00fchltruhe f\u00fcr Sie geeignet ist? Dann nehmen Sie Kontakt mit uns auf![\/vc_column_text][divider line_type=&#8220;No Line&#8220; custom_height=&#8220;45&#8243;][vc_column_text]\n\n\n<div id=\"wpv-view-layout-158-CATTR22818c8fe99030834cf4490880bea5de\" class=\"js-wpv-view-layout js-wpv-layout-responsive js-wpv-view-layout-158-CATTR22818c8fe99030834cf4490880bea5de\" data-viewnumber=\"158-CATTR22818c8fe99030834cf4490880bea5de\" data-pagination=\"{&quot;id&quot;:158,&quot;query&quot;:&quot;normal&quot;,&quot;type&quot;:&quot;disabled&quot;,&quot;effect&quot;:&quot;fade&quot;,&quot;duration&quot;:500,&quot;speed&quot;:5,&quot;pause_on_hover&quot;:&quot;disabled&quot;,&quot;stop_rollover&quot;:&quot;false&quot;,&quot;cache_pages&quot;:&quot;enabled&quot;,&quot;preload_images&quot;:&quot;enabled&quot;,&quot;preload_pages&quot;:&quot;enabled&quot;,&quot;preload_reach&quot;:1,&quot;spinner&quot;:&quot;builtin&quot;,&quot;spinner_image&quot;:&quot;https:\/\/gelatoworld.com\/wp-content\/plugins\/wp-views\/embedded\/res\/img\/ajax-loader.gif&quot;,&quot;callback_next&quot;:&quot;&quot;,&quot;manage_history&quot;:&quot;enabled&quot;,&quot;has_controls_in_form&quot;:&quot;disabled&quot;,&quot;infinite_tolerance&quot;:&quot;0&quot;,&quot;max_pages&quot;:0,&quot;page&quot;:1,&quot;base_permalink&quot;:&quot;\/de\/wp-json\/wp\/v2\/pages\/1905?wpv_view_count=158-CATTR22818c8fe99030834cf4490880bea5de&amp;wpv_paged=WPV_PAGE_NUM&quot;,&quot;loop&quot;:{&quot;type&quot;:&quot;&quot;,&quot;name&quot;:&quot;&quot;,&quot;data&quot;:[],&quot;id&quot;:0}}\" data-permalink=\"\/de\/wp-json\/wp\/v2\/pages\/1905?wpv_view_count=158-CATTR22818c8fe99030834cf4490880bea5de\">\n\n\t\n<div class=\"mpbr-flex-grid drie-koloms\">\n\t\n\t\n      \n\n\t\t<a class=\"\" href=\"https:\/\/gelatoworld.com\/de\/product\/neos\/\" >\n  <div class=\"product-blokje\">\n  <div class=\"grid-blokje in-slider\">\n  <div class=\"achtergrond-container\">\n    <div class=\"achtergrond-laag\" style=\"background-image:url(https:\/\/gelatoworld.com\/wp-content\/uploads\/Image-2486O2_500_500-14.jpg);\"><\/div>\n  <\/div>\n<\/div>\n\n<div class=\"onderkant-content\">\n  <span class=\"product-merk\">Ilsa<\/span>\n  <h3>Neos<\/h3>\n<\/div>\n  \n<\/div>  \n<\/a>\n\n\n\t\n\t\n          <\/div>\n\t\n\t\n<\/div>\n[\/vc_column_text][\/vc_column][\/vc_row]\n","protected":false},"excerpt":{"rendered":"<p>[vc_row type=&#8220;full_width_background&#8220; full_screen_row_position=&#8220;middle&#8220; column_margin=&#8220;default&#8220; column_direction=&#8220;default&#8220; column_direction_tablet=&#8220;default&#8220; column_direction_phone=&#8220;default&#8220; scene_position=&#8220;center&#8220; top_padding=&#8220;90&#8243; bottom_padding=&#8220;90&#8243; text_color=&#8220;dark&#8220; text_align=&#8220;left&#8220; row_border_radius=&#8220;none&#8220; row_border_radius_applies=&#8220;bg&#8220; overlay_strength=&#8220;0.3&#8243; gradient_direction=&#8220;left_to_right&#8220; shape_divider_position=&#8220;bottom&#8220; bg_image_animation=&#8220;none&#8220; shape_type=&#8220;&#8220;][vc_column column_padding=&#8220;no-extra-padding&#8220; column_padding_tablet=&#8220;inherit&#8220; column_padding_phone=&#8220;inherit&#8220; column_padding_position=&#8220;all&#8220; top_margin=&#8220;0&#8243; column_element_spacing=&#8220;default&#8220; background_color_opacity=&#8220;1&#8243; background_hover_color_opacity=&#8220;1&#8243; column_shadow=&#8220;none&#8220; column_border_radius=&#8220;none&#8220; column_link_target=&#8220;_self&#8220;&#8230;<\/p>\n","protected":false},"author":3,"featured_media":0,"parent":0,"menu_order":0,"comment_status":"closed","ping_status":"closed","template":"","meta":{"footnotes":""},"class_list":["post-1905","page","type-page","status-publish"],"_links":{"self":[{"href":"https:\/\/gelatoworld.com\/de\/wp-json\/wp\/v2\/pages\/1905","targetHints":{"allow":["GET"]}}],"collection":[{"href":"https:\/\/gelatoworld.com\/de\/wp-json\/wp\/v2\/pages"}],"about":[{"href":"https:\/\/gelatoworld.com\/de\/wp-json\/wp\/v2\/types\/page"}],"author":[{"embeddable":true,"href":"https:\/\/gelatoworld.com\/de\/wp-json\/wp\/v2\/users\/3"}],"replies":[{"embeddable":true,"href":"https:\/\/gelatoworld.com\/de\/wp-json\/wp\/v2\/comments?post=1905"}],"version-history":[{"count":5,"href":"https:\/\/gelatoworld.com\/de\/wp-json\/wp\/v2\/pages\/1905\/revisions"}],"predecessor-version":[{"id":2716,"href":"https:\/\/gelatoworld.com\/de\/wp-json\/wp\/v2\/pages\/1905\/revisions\/2716"}],"wp:attachment":[{"href":"https:\/\/gelatoworld.com\/de\/wp-json\/wp\/v2\/media?parent=1905"}],"curies":[{"name":"wp","href":"https:\/\/api.w.org\/{rel}","templated":true}]}}