{"id":1898,"date":"2022-07-27T14:08:01","date_gmt":"2022-07-27T14:08:01","guid":{"rendered":"https:\/\/gelatoworld.com\/kennisbank\/"},"modified":"2023-02-06T15:31:46","modified_gmt":"2023-02-06T15:31:46","slug":"base-de-connaissances","status":"publish","type":"page","link":"https:\/\/gelatoworld.com\/fr\/base-de-connaissances\/","title":{"rendered":"Base de connaissances"},"content":{"rendered":"[vc_row type=\u00a0\u00bbfull_width_background\u00a0\u00bb full_screen_row_position=\u00a0\u00bbmiddle\u00a0\u00bb column_margin=\u00a0\u00bbdefault\u00a0\u00bb column_direction=\u00a0\u00bbdefault\u00a0\u00bb column_direction_tablet=\u00a0\u00bbdefault\u00a0\u00bb column_direction_phone=\u00a0\u00bbdefault\u00a0\u00bb scene_position=\u00a0\u00bbcenter\u00a0\u00bb top_padding=\u00a0\u00bb90&Prime; bottom_padding=\u00a0\u00bb90&Prime; text_color=\u00a0\u00bbdark\u00a0\u00bb text_align=\u00a0\u00bbleft\u00a0\u00bb row_border_radius=\u00a0\u00bbnone\u00a0\u00bb row_border_radius_applies=\u00a0\u00bbbg\u00a0\u00bb overlay_strength=\u00a0\u00bb0.3&Prime; gradient_direction=\u00a0\u00bbleft_to_right\u00a0\u00bb shape_divider_position=\u00a0\u00bbbottom\u00a0\u00bb bg_image_animation=\u00a0\u00bbnone\u00a0\u00bb shape_type=\u00a0\u00bb\u00a0\u00bb][vc_column column_padding=\u00a0\u00bbno-extra-padding\u00a0\u00bb column_padding_tablet=\u00a0\u00bbinherit\u00a0\u00bb column_padding_phone=\u00a0\u00bbinherit\u00a0\u00bb column_padding_position=\u00a0\u00bball\u00a0\u00bb top_margin=\u00a0\u00bb0&Prime; column_element_spacing=\u00a0\u00bbdefault\u00a0\u00bb background_color_opacity=\u00a0\u00bb1&Prime; background_hover_color_opacity=\u00a0\u00bb1&Prime; column_shadow=\u00a0\u00bbnone\u00a0\u00bb column_border_radius=\u00a0\u00bbnone\u00a0\u00bb column_link_target=\u00a0\u00bb_self\u00a0\u00bb gradient_direction=\u00a0\u00bbleft_to_right\u00a0\u00bb overlay_strength=\u00a0\u00bb0.3&Prime; width=\u00a0\u00bb1\/1&Prime; tablet_width_inherit=\u00a0\u00bbdefault\u00a0\u00bb tablet_text_alignment=\u00a0\u00bbdefault\u00a0\u00bb phone_text_alignment=\u00a0\u00bbdefault\u00a0\u00bb bg_image_animation=\u00a0\u00bbnone\u00a0\u00bb border_type=\u00a0\u00bbsimple\u00a0\u00bb column_border_width=\u00a0\u00bbnone\u00a0\u00bb column_border_style=\u00a0\u00bbsolid\u00a0\u00bb][vc_column_text el_class=\u00a0\u00bbblauwe-tekst groen-ornament\u00a0\u00bb]\n<h1><span class=\"Y2IQFc\" lang=\"fr\">Base de connaissances<\/span><\/h1>\n[\/vc_column_text][divider line_type=\u00a0\u00bbNo Line\u00a0\u00bb custom_height=\u00a0\u00bb45&Prime;][vc_column_text]\n\n\n<div id=\"wpv-view-layout-411\" class=\"js-wpv-view-layout js-wpv-layout-responsive js-wpv-view-layout-411\" data-viewnumber=\"411\" data-pagination=\"{&quot;id&quot;:411,&quot;query&quot;:&quot;normal&quot;,&quot;type&quot;:&quot;disabled&quot;,&quot;effect&quot;:&quot;fade&quot;,&quot;duration&quot;:500,&quot;speed&quot;:5,&quot;pause_on_hover&quot;:&quot;disabled&quot;,&quot;stop_rollover&quot;:&quot;false&quot;,&quot;cache_pages&quot;:&quot;enabled&quot;,&quot;preload_images&quot;:&quot;enabled&quot;,&quot;preload_pages&quot;:&quot;enabled&quot;,&quot;preload_reach&quot;:1,&quot;spinner&quot;:&quot;builtin&quot;,&quot;spinner_image&quot;:&quot;https:\/\/gelatoworld.com\/wp-content\/plugins\/wp-views\/embedded\/res\/img\/ajax-loader.gif&quot;,&quot;callback_next&quot;:&quot;&quot;,&quot;manage_history&quot;:&quot;enabled&quot;,&quot;has_controls_in_form&quot;:&quot;disabled&quot;,&quot;infinite_tolerance&quot;:&quot;0&quot;,&quot;max_pages&quot;:0,&quot;page&quot;:1,&quot;base_permalink&quot;:&quot;\/fr\/wp-json\/wp\/v2\/pages\/1898?wpv_view_count=411&amp;wpv_paged=WPV_PAGE_NUM&quot;,&quot;loop&quot;:{&quot;type&quot;:&quot;&quot;,&quot;name&quot;:&quot;&quot;,&quot;data&quot;:[],&quot;id&quot;:0}}\" data-permalink=\"\/fr\/wp-json\/wp\/v2\/pages\/1898?wpv_view_count=411\">\n\n\t\n<div class=\"mpbr-flex-grid drie-koloms\">\n\t\n\t\n      \n\n\t\t<a class=\"\" href=\"https:\/\/gelatoworld.com\/fr\/quelle-vitrine-a-glace-convient-a-vorte-glacier\/\" >\n  <div class=\"product-blokje\">\n  <div class=\"grid-blokje\">\n    <span class=\"kennisbank-datum\">\n    <img decoding=\"async\" src=\"\/wp-content\/uploads\/datum-icoon.svg\" \/> 20-03-2026\n    <\/span>\n  <div class=\"achtergrond-container\">\n    <div class=\"achtergrond-laag\" style=\"background-image:url(https:\/\/gelatoworld.com\/wp-content\/uploads\/Clabo_Ambiente_2-1024x551.jpeg);\"><\/div>\n  <\/div>\n<\/div>\n\n<div class=\"onderkant-content\">\n  <h3>Quelle vitrine \u00e0 glace convient \u00e0 votre glacier ? 3 situations + guide pratique<\/h3>\n<\/div>\n  \n<\/div>  \n<\/a>\n\n\n\t\n      \n\n\t\t<a class=\"\" href=\"https:\/\/gelatoworld.com\/fr\/box-pozzetti-orion-une-nouvelle-reference-pour-les-vitrines-a-glace\/\" >\n  <div class=\"product-blokje\">\n  <div class=\"grid-blokje\">\n    <span class=\"kennisbank-datum\">\n    <img decoding=\"async\" src=\"\/wp-content\/uploads\/datum-icoon.svg\" \/> 02-02-2026\n    <\/span>\n  <div class=\"achtergrond-container\">\n    <div class=\"achtergrond-laag\" style=\"background-image:url(https:\/\/gelatoworld.com\/wp-content\/uploads\/Clabo_Ambiente_1-1024x551.jpeg);\"><\/div>\n  <\/div>\n<\/div>\n\n<div class=\"onderkant-content\">\n  <h3>Les nouveaux Box Pozzetti de Orion : une nouvelle r\u00e9f\u00e9rence pour les vitrines \u00e0 glace<\/h3>\n<\/div>\n  \n<\/div>  \n<\/a>\n\n\n\t\n      \n\n\t\t<a class=\"\" href=\"https:\/\/gelatoworld.com\/fr\/blog-slush-puppie-slushmachine\/\" >\n  <div class=\"product-blokje\">\n  <div class=\"grid-blokje\">\n    <span class=\"kennisbank-datum\">\n    <img decoding=\"async\" src=\"\/wp-content\/uploads\/datum-icoon.svg\" \/> 15-10-2025\n    <\/span>\n  <div class=\"achtergrond-container\">\n    <div class=\"achtergrond-laag\" style=\"background-image:url(https:\/\/gelatoworld.com\/wp-content\/uploads\/SP_Cup-TopView-Background-1024x576.jpg);\"><\/div>\n  <\/div>\n<\/div>\n\n<div class=\"onderkant-content\">\n  <h3>Slush Puppie : la machine \u00e0 granit\u00e9s originale pour votre \u00e9tablissement ou \u00e9v\u00e9nement<\/h3>\n<\/div>\n  \n<\/div>  \n<\/a>\n\n\n\t\n      \n\n\t\t<a class=\"\" href=\"https:\/\/gelatoworld.com\/fr\/amenager-un-salon-de-glacier\/\" >\n  <div class=\"product-blokje\">\n  <div class=\"grid-blokje\">\n    <span class=\"kennisbank-datum\">\n    <img decoding=\"async\" src=\"\/wp-content\/uploads\/datum-icoon.svg\" \/> 26-08-2025\n    <\/span>\n  <div class=\"achtergrond-container\">\n    <div class=\"achtergrond-laag\" style=\"background-image:url(https:\/\/gelatoworld.com\/wp-content\/uploads\/KT24-Gelarti.jpg);\"><\/div>\n  <\/div>\n<\/div>\n\n<div class=\"onderkant-content\">\n  <h3>Am\u00e9nager un salon de glacier ? Voici l\u2019\u00e9quipement indispensable pour un d\u00e9part professionnel<\/h3>\n<\/div>\n  \n<\/div>  \n<\/a>\n\n\n\t\n      \n\n\t\t<a class=\"\" href=\"https:\/\/gelatoworld.com\/fr\/3-conseils-pour-bien-choisir-sa-vitrine-a-creme-glacee\/\" >\n  <div class=\"product-blokje\">\n  <div class=\"grid-blokje\">\n    <span class=\"kennisbank-datum\">\n    <img decoding=\"async\" src=\"\/wp-content\/uploads\/datum-icoon.svg\" \/> 08-05-2025\n    <\/span>\n  <div class=\"achtergrond-container\">\n    <div class=\"achtergrond-laag\" style=\"background-image:url(https:\/\/gelatoworld.com\/wp-content\/uploads\/Screenshot-2025-01-20-at-18.02.09-1024x576.png);\"><\/div>\n  <\/div>\n<\/div>\n\n<div class=\"onderkant-content\">\n  <h3>3 conseils pour bien choisir sa vitrine \u00e0 cr\u00e8me glac\u00e9e<\/h3>\n<\/div>\n  \n<\/div>  \n<\/a>\n\n\n\t\n      \n\n\t\t<a class=\"\" href=\"https:\/\/gelatoworld.com\/fr\/machine-a-chantilly-de-bravo\/\" >\n  <div class=\"product-blokje\">\n  <div class=\"grid-blokje\">\n    <span class=\"kennisbank-datum\">\n    <img decoding=\"async\" src=\"\/wp-content\/uploads\/datum-icoon.svg\" \/> 01-04-2025\n    <\/span>\n  <div class=\"achtergrond-container\">\n    <div class=\"achtergrond-laag\" style=\"background-image:url(https:\/\/gelatoworld.com\/wp-content\/uploads\/dani-CLtLGfF6mwI-unsplash_11zon-683x1024.jpg);\"><\/div>\n  <\/div>\n<\/div>\n\n<div class=\"onderkant-content\">\n  <h3>D\u00e9couvrez la machine \u00e0 chantilly innovante de Bravo<\/h3>\n<\/div>\n  \n<\/div>  \n<\/a>\n\n\n\t\n      \n\n\t\t<a class=\"\" href=\"https:\/\/gelatoworld.com\/fr\/bravo-ionic-system\/\" >\n  <div class=\"product-blokje\">\n  <div class=\"grid-blokje\">\n    <span class=\"kennisbank-datum\">\n    <img decoding=\"async\" src=\"\/wp-content\/uploads\/datum-icoon.svg\" \/> 12-03-2025\n    <\/span>\n  <div class=\"achtergrond-container\">\n    <div class=\"achtergrond-laag\" style=\"background-image:url(https:\/\/gelatoworld.com\/wp-content\/uploads\/en_trittico_catalogo_gelato_web-21-part-2-724x1024.jpg);\"><\/div>\n  <\/div>\n<\/div>\n\n<div class=\"onderkant-content\">\n  <h3>Bravo Ionic System : Tout ce qu\u2019il faut savoir<\/h3>\n<\/div>\n  \n<\/div>  \n<\/a>\n\n\n\t\n      \n\n\t\t<a class=\"\" href=\"https:\/\/gelatoworld.com\/fr\/machine-a-creme-glacee-professionnelle\/\" >\n  <div class=\"product-blokje\">\n  <div class=\"grid-blokje\">\n    <span class=\"kennisbank-datum\">\n    <img decoding=\"async\" src=\"\/wp-content\/uploads\/datum-icoon.svg\" \/> 13-01-2025\n    <\/span>\n  <div class=\"achtergrond-container\">\n    <div class=\"achtergrond-laag\" style=\"background-image:url(https:\/\/gelatoworld.com\/wp-content\/uploads\/02_2_11zon-1024x683.jpg);\"><\/div>\n  <\/div>\n<\/div>\n\n<div class=\"onderkant-content\">\n  <h3>La machine \u00e0 cr\u00e8me glac\u00e9e professionnelle de Bravo et ses accessoires uniques<\/h3>\n<\/div>\n  \n<\/div>  \n<\/a>\n\n\n\t\n      \n\n\t\t<a class=\"\" href=\"https:\/\/gelatoworld.com\/fr\/machines-a-glace-professionnelles-bravo\/\" >\n  <div class=\"product-blokje\">\n  <div class=\"grid-blokje\">\n    <span class=\"kennisbank-datum\">\n    <img decoding=\"async\" src=\"\/wp-content\/uploads\/datum-icoon.svg\" \/> 11-11-2024\n    <\/span>\n  <div class=\"achtergrond-container\">\n    <div class=\"achtergrond-laag\" style=\"background-image:url(https:\/\/gelatoworld.com\/wp-content\/uploads\/07_7_11zon-1024x682.jpg);\"><\/div>\n  <\/div>\n<\/div>\n\n<div class=\"onderkant-content\">\n  <h3>Les machines \u00e0 glace professionnelles Bravo<\/h3>\n<\/div>\n  \n<\/div>  \n<\/a>\n\n\n\t\n      \n\n\t\t<a class=\"\" href=\"https:\/\/gelatoworld.com\/fr\/pourquoi-choisir-une-vitrine-refrigeree-a-ventile-decouvrez-tout\/\" >\n  <div class=\"product-blokje\">\n  <div class=\"grid-blokje\">\n    <span class=\"kennisbank-datum\">\n    <img decoding=\"async\" src=\"\/wp-content\/uploads\/datum-icoon.svg\" \/> 27-09-2024\n    <\/span>\n  <div class=\"achtergrond-container\">\n    <div class=\"achtergrond-laag\" style=\"background-image:url(https:\/\/gelatoworld.com\/wp-content\/uploads\/orion-geforceerde-ijsvitrine-min-1024x571.png);\"><\/div>\n  <\/div>\n<\/div>\n\n<div class=\"onderkant-content\">\n  <h3>Pourquoi choisir une vitrine r\u00e9frig\u00e9r\u00e9e \u00e0 ventil\u00e9 ? D\u00e9couvrez tout<\/h3>\n<\/div>\n  \n<\/div>  \n<\/a>\n\n\n\t\n      \n\n\t\t<a class=\"\" href=\"https:\/\/gelatoworld.com\/fr\/machine-a-glace-bravo\/\" >\n  <div class=\"product-blokje\">\n  <div class=\"grid-blokje\">\n    <span class=\"kennisbank-datum\">\n    <img decoding=\"async\" src=\"\/wp-content\/uploads\/datum-icoon.svg\" \/> 27-08-2024\n    <\/span>\n  <div class=\"achtergrond-container\">\n    <div class=\"achtergrond-laag\" style=\"background-image:url(https:\/\/gelatoworld.com\/wp-content\/uploads\/bravo-ijsmachine-1-1024x682.jpg);\"><\/div>\n  <\/div>\n<\/div>\n\n<div class=\"onderkant-content\">\n  <h3>D\u00e9couvrez la machine \u00e0 glace Bravo<\/h3>\n<\/div>\n  \n<\/div>  \n<\/a>\n\n\n\t\n      \n\n\t\t<a class=\"\" href=\"https:\/\/gelatoworld.com\/fr\/conseils-pour-le-proprietaire-de-vitrine-professionnelle-de-creme-glacee\/\" >\n  <div class=\"product-blokje\">\n  <div class=\"grid-blokje\">\n    <span class=\"kennisbank-datum\">\n    <img decoding=\"async\" src=\"\/wp-content\/uploads\/datum-icoon.svg\" \/> 05-08-2024\n    <\/span>\n  <div class=\"achtergrond-container\">\n    <div class=\"achtergrond-laag\" style=\"background-image:url(https:\/\/gelatoworld.com\/wp-content\/uploads\/Orion-Kate-2018-bianca-vaschette-1-1024x683.jpg);\"><\/div>\n  <\/div>\n<\/div>\n\n<div class=\"onderkant-content\">\n  <h3>4 conseils cl\u00e9s \u00e0 prendre en compte pendant l&rsquo;\u00e9t\u00e9 en tant que propri\u00e9taire vitrine professionnelle de cr\u00e8me glac\u00e9e<\/h3>\n<\/div>\n  \n<\/div>  \n<\/a>\n\n\n\t\n      \n\n\t\t<a class=\"\" href=\"https:\/\/gelatoworld.com\/fr\/3-conseils-pour-preserver-votre-vitrine-de-creme-glacee\/\" >\n  <div class=\"product-blokje\">\n  <div class=\"grid-blokje\">\n    <span class=\"kennisbank-datum\">\n    <img decoding=\"async\" src=\"\/wp-content\/uploads\/datum-icoon.svg\" \/> 26-03-2024\n    <\/span>\n  <div class=\"achtergrond-container\">\n    <div class=\"achtergrond-laag\" style=\"background-image:url(https:\/\/gelatoworld.com\/wp-content\/uploads\/orion-365-014-2-1024x698.jpg);\"><\/div>\n  <\/div>\n<\/div>\n\n<div class=\"onderkant-content\">\n  <h3>3 conseils pour pr\u00e9server votre vitrine de cr\u00e8me glac\u00e9e<\/h3>\n<\/div>\n  \n<\/div>  \n<\/a>\n\n\n\t\n      \n\n\t\t<a class=\"\" href=\"https:\/\/gelatoworld.com\/fr\/quel-type-dunite-de-refroidissement-dois-je-choisir-pour-ma-vitrine-a-glace\/\" >\n  <div class=\"product-blokje\">\n  <div class=\"grid-blokje\">\n    <span class=\"kennisbank-datum\">\n    <img decoding=\"async\" src=\"\/wp-content\/uploads\/datum-icoon.svg\" \/> 27-11-2023\n    <\/span>\n  <div class=\"achtergrond-container\">\n    <div class=\"achtergrond-laag\" style=\"background-image:url(https:\/\/gelatoworld.com\/wp-content\/uploads\/ZOOM-ANGOLO-890x1024.jpg);\"><\/div>\n  <\/div>\n<\/div>\n\n<div class=\"onderkant-content\">\n  <h3>Quel type d&rsquo;unit\u00e9 de refroidissement dois-je choisir pour ma vitrine \u00e0 glace ?<\/h3>\n<\/div>\n  \n<\/div>  \n<\/a>\n\n\n\t\n      \n\n\t\t<a class=\"\" href=\"https:\/\/gelatoworld.com\/fr\/vitrine-a-glace-comme-armoire-de-stockage\/\" >\n  <div class=\"product-blokje\">\n  <div class=\"grid-blokje\">\n    <span class=\"kennisbank-datum\">\n    <img decoding=\"async\" src=\"\/wp-content\/uploads\/datum-icoon.svg\" \/> 14-07-2023\n    <\/span>\n  <div class=\"achtergrond-container\">\n    <div class=\"achtergrond-laag\" style=\"background-image:url(https:\/\/gelatoworld.com\/wp-content\/uploads\/KT24-Panamena-768x1024.jpg);\"><\/div>\n  <\/div>\n<\/div>\n\n<div class=\"onderkant-content\">\n  <h3>Puis-je aussi utiliser ma vitrine \u00e0 glace comme armoire de stockage ?<\/h3>\n<\/div>\n  \n<\/div>  \n<\/a>\n\n\n\t\n      \n\n\t\t<a class=\"\" href=\"https:\/\/gelatoworld.com\/fr\/solution-complete-pour-les-etablissements-de-restauration\/\" >\n  <div class=\"product-blokje\">\n  <div class=\"grid-blokje\">\n    <span class=\"kennisbank-datum\">\n    <img decoding=\"async\" src=\"\/wp-content\/uploads\/datum-icoon.svg\" \/> 12-06-2023\n    <\/span>\n  <div class=\"achtergrond-container\">\n    <div class=\"achtergrond-laag\" style=\"background-image:url(https:\/\/gelatoworld.com\/wp-content\/uploads\/longus-kyjov-9-1024x1024.jpg);\"><\/div>\n  <\/div>\n<\/div>\n\n<div class=\"onderkant-content\">\n  <h3>\u00c0 quoi ressemble une solution compl\u00e8te pour les entrepreneurs de l&rsquo;h\u00f4tellerie ?<\/h3>\n<\/div>\n  \n<\/div>  \n<\/a>\n\n\n\t\n      \n\n\t\t<a class=\"\" href=\"https:\/\/gelatoworld.com\/fr\/faire-attention-lachat-vitrine\/\" >\n  <div class=\"product-blokje\">\n  <div class=\"grid-blokje\">\n    <span class=\"kennisbank-datum\">\n    <img decoding=\"async\" src=\"\/wp-content\/uploads\/datum-icoon.svg\" \/> 02-05-2023\n    <\/span>\n  <div class=\"achtergrond-container\">\n    <div class=\"achtergrond-laag\" style=\"background-image:url(https:\/\/gelatoworld.com\/wp-content\/uploads\/CLA5425-681x1024.jpg);\"><\/div>\n  <\/div>\n<\/div>\n\n<div class=\"onderkant-content\">\n  <h3>\u00c0 quoi faut-il faire attention lors de l&rsquo;achat d&rsquo;une vitrine \u00e0 cr\u00e8me glac\u00e9e ?<\/h3>\n<\/div>\n  \n<\/div>  \n<\/a>\n\n\n\t\n      \n\n\t\t<a class=\"\" href=\"https:\/\/gelatoworld.com\/fr\/types-techniques-refroidissement-vitrine\/\" >\n  <div class=\"product-blokje\">\n  <div class=\"grid-blokje\">\n    <span class=\"kennisbank-datum\">\n    <img decoding=\"async\" src=\"\/wp-content\/uploads\/datum-icoon.svg\" \/> 13-04-2023\n    <\/span>\n  <div class=\"achtergrond-container\">\n    <div class=\"achtergrond-laag\" style=\"background-image:url(https:\/\/gelatoworld.com\/wp-content\/uploads\/orion-365-039-1-680x1024.jpg);\"><\/div>\n  <\/div>\n<\/div>\n\n<div class=\"onderkant-content\">\n  <h3>Quels types de techniques de refroidissement existe-t-il pour les vitrines \u00e0 cr\u00e8me glac\u00e9e\u00a0?<\/h3>\n<\/div>\n  \n<\/div>  \n<\/a>\n\n\n\t\n\t\n          <\/div>\n\t\n\t\n<\/div>\n[\/vc_column_text][\/vc_column][\/vc_row]\n","protected":false},"excerpt":{"rendered":"<p>[vc_row type=\u00a0\u00bbfull_width_background\u00a0\u00bb full_screen_row_position=\u00a0\u00bbmiddle\u00a0\u00bb column_margin=\u00a0\u00bbdefault\u00a0\u00bb column_direction=\u00a0\u00bbdefault\u00a0\u00bb column_direction_tablet=\u00a0\u00bbdefault\u00a0\u00bb column_direction_phone=\u00a0\u00bbdefault\u00a0\u00bb scene_position=\u00a0\u00bbcenter\u00a0\u00bb top_padding=\u00a0\u00bb90&Prime; bottom_padding=\u00a0\u00bb90&Prime; text_color=\u00a0\u00bbdark\u00a0\u00bb text_align=\u00a0\u00bbleft\u00a0\u00bb row_border_radius=\u00a0\u00bbnone\u00a0\u00bb row_border_radius_applies=\u00a0\u00bbbg\u00a0\u00bb overlay_strength=\u00a0\u00bb0.3&Prime; gradient_direction=\u00a0\u00bbleft_to_right\u00a0\u00bb shape_divider_position=\u00a0\u00bbbottom\u00a0\u00bb bg_image_animation=\u00a0\u00bbnone\u00a0\u00bb shape_type=\u00a0\u00bb\u00a0\u00bb][vc_column column_padding=\u00a0\u00bbno-extra-padding\u00a0\u00bb column_padding_tablet=\u00a0\u00bbinherit\u00a0\u00bb column_padding_phone=\u00a0\u00bbinherit\u00a0\u00bb column_padding_position=\u00a0\u00bball\u00a0\u00bb top_margin=\u00a0\u00bb0&Prime; column_element_spacing=\u00a0\u00bbdefault\u00a0\u00bb background_color_opacity=\u00a0\u00bb1&Prime; background_hover_color_opacity=\u00a0\u00bb1&Prime; column_shadow=\u00a0\u00bbnone\u00a0\u00bb column_border_radius=\u00a0\u00bbnone\u00a0\u00bb column_link_target=\u00a0\u00bb_self\u00a0\u00bb&#8230;<\/p>\n","protected":false},"author":3,"featured_media":0,"parent":0,"menu_order":0,"comment_status":"closed","ping_status":"closed","template":"","meta":{"footnotes":""},"class_list":["post-1898","page","type-page","status-publish"],"_links":{"self":[{"href":"https:\/\/gelatoworld.com\/fr\/wp-json\/wp\/v2\/pages\/1898","targetHints":{"allow":["GET"]}}],"collection":[{"href":"https:\/\/gelatoworld.com\/fr\/wp-json\/wp\/v2\/pages"}],"about":[{"href":"https:\/\/gelatoworld.com\/fr\/wp-json\/wp\/v2\/types\/page"}],"author":[{"embeddable":true,"href":"https:\/\/gelatoworld.com\/fr\/wp-json\/wp\/v2\/users\/3"}],"replies":[{"embeddable":true,"href":"https:\/\/gelatoworld.com\/fr\/wp-json\/wp\/v2\/comments?post=1898"}],"version-history":[{"count":2,"href":"https:\/\/gelatoworld.com\/fr\/wp-json\/wp\/v2\/pages\/1898\/revisions"}],"predecessor-version":[{"id":1981,"href":"https:\/\/gelatoworld.com\/fr\/wp-json\/wp\/v2\/pages\/1898\/revisions\/1981"}],"wp:attachment":[{"href":"https:\/\/gelatoworld.com\/fr\/wp-json\/wp\/v2\/media?parent=1898"}],"curies":[{"name":"wp","href":"https:\/\/api.w.org\/{rel}","templated":true}]}}