{"id":1901,"date":"2022-07-28T08:59:42","date_gmt":"2022-07-28T08:59:42","guid":{"rendered":"https:\/\/gelatoworld.com\/alle-producten\/"},"modified":"2024-07-11T12:49:04","modified_gmt":"2024-07-11T12:49:04","slug":"produits","status":"publish","type":"page","link":"https:\/\/gelatoworld.com\/fr\/produits\/","title":{"rendered":"Tous les produits"},"content":{"rendered":"[vc_row type=\u00a0\u00bbfull_width_background\u00a0\u00bb full_screen_row_position=\u00a0\u00bbmiddle\u00a0\u00bb column_margin=\u00a0\u00bbdefault\u00a0\u00bb column_direction=\u00a0\u00bbdefault\u00a0\u00bb column_direction_tablet=\u00a0\u00bbdefault\u00a0\u00bb column_direction_phone=\u00a0\u00bbdefault\u00a0\u00bb scene_position=\u00a0\u00bbcenter\u00a0\u00bb top_padding=\u00a0\u00bb90&Prime; bottom_padding=\u00a0\u00bb90&Prime; text_color=\u00a0\u00bbdark\u00a0\u00bb text_align=\u00a0\u00bbleft\u00a0\u00bb row_border_radius=\u00a0\u00bbnone\u00a0\u00bb row_border_radius_applies=\u00a0\u00bbbg\u00a0\u00bb overlay_strength=\u00a0\u00bb0.3&Prime; gradient_direction=\u00a0\u00bbleft_to_right\u00a0\u00bb shape_divider_position=\u00a0\u00bbbottom\u00a0\u00bb bg_image_animation=\u00a0\u00bbnone\u00a0\u00bb shape_type=\u00a0\u00bb\u00a0\u00bb][vc_column column_padding=\u00a0\u00bbno-extra-padding\u00a0\u00bb column_padding_tablet=\u00a0\u00bbinherit\u00a0\u00bb column_padding_phone=\u00a0\u00bbinherit\u00a0\u00bb column_padding_position=\u00a0\u00bball\u00a0\u00bb top_margin=\u00a0\u00bb0&Prime; column_element_spacing=\u00a0\u00bbdefault\u00a0\u00bb background_color_opacity=\u00a0\u00bb1&Prime; background_hover_color_opacity=\u00a0\u00bb1&Prime; column_shadow=\u00a0\u00bbnone\u00a0\u00bb column_border_radius=\u00a0\u00bbnone\u00a0\u00bb column_link_target=\u00a0\u00bb_self\u00a0\u00bb gradient_direction=\u00a0\u00bbleft_to_right\u00a0\u00bb overlay_strength=\u00a0\u00bb0.3&Prime; width=\u00a0\u00bb1\/1&Prime; tablet_width_inherit=\u00a0\u00bbdefault\u00a0\u00bb tablet_text_alignment=\u00a0\u00bbdefault\u00a0\u00bb phone_text_alignment=\u00a0\u00bbdefault\u00a0\u00bb bg_image_animation=\u00a0\u00bbnone\u00a0\u00bb border_type=\u00a0\u00bbsimple\u00a0\u00bb column_border_width=\u00a0\u00bbnone\u00a0\u00bb column_border_style=\u00a0\u00bbsolid\u00a0\u00bb][vc_column_text el_class=\u00a0\u00bbblauwe-tekst groen-ornament\u00a0\u00bb]\n<h2>Vitrines \u00e0 cr\u00e8me glac\u00e9e et plus des machines et services<\/h2>\n[\/vc_column_text][vc_column_text]Depuis plus de 30 ans, les propri\u00e9taires de glaciers et d&rsquo;autres \u00e9tablissements de restauration du march\u00e9 europ\u00e9en frappent \u00e0 la porte de <a href=\"https:\/\/gelatoworld.com\/fr\/\">Gelato World<\/a> pour obtenir nos produits. En fournissant des solutions personnalis\u00e9es aux entrepreneurs du secteur de l&rsquo;h\u00f4tellerie et de la restauration et en les conseillant dans la cr\u00e9ation de leurs salons de d\u00e9gustation de glaces, nous les aidons \u00e0 r\u00e9aliser leur r\u00eave.<\/p>\n<p>Ces derni\u00e8res ann\u00e9es, nous avons acquis beaucoup de connaissances et d&rsquo;exp\u00e9rience dans la cr\u00e9ation de salons de d\u00e9gustation de glaces et dans la fourniture de vitrines \u00e0 glaces de haute qualit\u00e9. C&rsquo;est pourquoi nous ne fournissons que des produits de la plus haute qualit\u00e9 en provenance d&rsquo;Italie. Nous savons \u00e9galement qu&rsquo;il n&rsquo;y a pas deux endroits identiques, c&rsquo;est pourquoi il est important pour les entrepreneurs de pouvoir adapter les vitrines \u00e0 leurs besoins sp\u00e9cifiques.<\/p>\n<p>En tant que sp\u00e9cialistes des machines de faire la creme glac\u00e9e, des vitrines \u00e0 glaces et des armoires de stockage, nous proposons une large gamme de produits de haute qualit\u00e9. Outre nos solutions globales, il est \u00e9galement possible d&rsquo;adapter un produit \u00e0 des souhaits et exigences sp\u00e9cifiques. Nous pouvons \u00e9galement vous aider \u00e0 d\u00e9terminer la bonne technologie de r\u00e9frig\u00e9ration pour votre glacier.<\/p>\n<p>Vous trouverez ci-dessous un aper\u00e7u de toutes les vitrines \u00e0 cr\u00e8me glac\u00e9e et armoires de stockage que nous fournissons chez Gelato World.[\/vc_column_text][divider line_type=\u00a0\u00bbNo Line\u00a0\u00bb custom_height=\u00a0\u00bb45&Prime;][vc_column_text]\n\n\n<div id=\"wpv-view-layout-158\" class=\"js-wpv-view-layout js-wpv-layout-responsive js-wpv-view-layout-158\" data-viewnumber=\"158\" data-pagination=\"{&quot;id&quot;:158,&quot;query&quot;:&quot;normal&quot;,&quot;type&quot;:&quot;disabled&quot;,&quot;effect&quot;:&quot;fade&quot;,&quot;duration&quot;:500,&quot;speed&quot;:5,&quot;pause_on_hover&quot;:&quot;disabled&quot;,&quot;stop_rollover&quot;:&quot;false&quot;,&quot;cache_pages&quot;:&quot;enabled&quot;,&quot;preload_images&quot;:&quot;enabled&quot;,&quot;preload_pages&quot;:&quot;enabled&quot;,&quot;preload_reach&quot;:1,&quot;spinner&quot;:&quot;builtin&quot;,&quot;spinner_image&quot;:&quot;https:\/\/gelatoworld.com\/wp-content\/plugins\/wp-views\/embedded\/res\/img\/ajax-loader.gif&quot;,&quot;callback_next&quot;:&quot;&quot;,&quot;manage_history&quot;:&quot;enabled&quot;,&quot;has_controls_in_form&quot;:&quot;disabled&quot;,&quot;infinite_tolerance&quot;:&quot;0&quot;,&quot;max_pages&quot;:0,&quot;page&quot;:1,&quot;base_permalink&quot;:&quot;\/fr\/wp-json\/wp\/v2\/pages\/1901?wpv_view_count=158&amp;wpv_paged=WPV_PAGE_NUM&quot;,&quot;loop&quot;:{&quot;type&quot;:&quot;&quot;,&quot;name&quot;:&quot;&quot;,&quot;data&quot;:[],&quot;id&quot;:0}}\" data-permalink=\"\/fr\/wp-json\/wp\/v2\/pages\/1901?wpv_view_count=158\">\n\n\t\n<div class=\"mpbr-flex-grid drie-koloms\">\n\t\n\t\n      \n\n\t\t<a class=\"\" href=\"https:\/\/gelatoworld.com\/fr\/product\/lepel-spoelbakje\/\" >\n  <div class=\"product-blokje\">\n  <div class=\"grid-blokje in-slider\">\n  <div class=\"achtergrond-container\">\n    <div class=\"achtergrond-laag\" style=\"background-image:url(https:\/\/gelatoworld.com\/wp-content\/uploads\/Scherm\u00adafbeelding-2025-03-28-om-16.02.12-1024x753.png);\"><\/div>\n  <\/div>\n<\/div>\n\n<div class=\"onderkant-content\">\n  <span class=\"product-merk\"><\/span>\n  <h3>Lepel spoelbakje<\/h3>\n<\/div>\n  \n<\/div>  \n<\/a>\n\n\n\t\n      \n\n\t\t<a class=\"\" href=\"https:\/\/gelatoworld.com\/fr\/product\/trittico-executive-premium\/\" >\n  <div class=\"product-blokje\">\n  <div class=\"grid-blokje in-slider\">\n  <div class=\"achtergrond-container\">\n    <div class=\"achtergrond-laag\" style=\"background-image:url();\"><\/div>\n  <\/div>\n<\/div>\n\n<div class=\"onderkant-content\">\n  <span class=\"product-merk\"><\/span>\n  <h3>Trittico Executive Premium<\/h3>\n<\/div>\n  \n<\/div>  \n<\/a>\n\n\n\t\n      \n\n\t\t<a class=\"\" href=\"https:\/\/gelatoworld.com\/fr\/product\/neos\/\" >\n  <div class=\"product-blokje\">\n  <div class=\"grid-blokje in-slider\">\n  <div class=\"achtergrond-container\">\n    <div class=\"achtergrond-laag\" style=\"background-image:url(https:\/\/gelatoworld.com\/wp-content\/uploads\/Image-2486O2_500_500-14.jpg);\"><\/div>\n  <\/div>\n<\/div>\n\n<div class=\"onderkant-content\">\n  <span class=\"product-merk\">Ilsa<\/span>\n  <h3>Neos<\/h3>\n<\/div>\n  \n<\/div>  \n<\/a>\n\n\n\t\n      \n\n\t\t<a class=\"\" href=\"https:\/\/gelatoworld.com\/fr\/product\/orion-nine\/\" >\n  <div class=\"product-blokje\">\n  <div class=\"grid-blokje in-slider\">\n  <div class=\"achtergrond-container\">\n    <div class=\"achtergrond-laag\" style=\"background-image:url(https:\/\/gelatoworld.com\/wp-content\/uploads\/CLABO-RISTORAZIONE_10762_3ok-1-848x1024.jpg);\"><\/div>\n  <\/div>\n<\/div>\n\n<div class=\"onderkant-content\">\n  <span class=\"product-merk\">Orion<\/span>\n  <h3>Nine<\/h3>\n<\/div>\n  \n<\/div>  \n<\/a>\n\n\n\t\n      \n\n\t\t<a class=\"\" href=\"https:\/\/gelatoworld.com\/fr\/product\/orion-kt24\/\" >\n  <div class=\"product-blokje\">\n  <div class=\"grid-blokje in-slider\">\n  <div class=\"achtergrond-container\">\n    <div class=\"achtergrond-laag\" style=\"background-image:url(https:\/\/gelatoworld.com\/wp-content\/uploads\/Banco-gelati-015-1024x768.jpg);\"><\/div>\n  <\/div>\n<\/div>\n\n<div class=\"onderkant-content\">\n  <span class=\"product-merk\">Orion<\/span>\n  <h3>KT24<\/h3>\n<\/div>\n  \n<\/div>  \n<\/a>\n\n\n\t\n      \n\n\t\t<a class=\"\" href=\"https:\/\/gelatoworld.com\/fr\/product\/365\/\" >\n  <div class=\"product-blokje\">\n  <div class=\"grid-blokje in-slider\">\n  <div class=\"achtergrond-container\">\n    <div class=\"achtergrond-laag\" style=\"background-image:url(https:\/\/gelatoworld.com\/wp-content\/uploads\/orion-365-026.jpg);\"><\/div>\n  <\/div>\n<\/div>\n\n<div class=\"onderkant-content\">\n  <span class=\"product-merk\">Orion<\/span>\n  <h3>365<\/h3>\n<\/div>\n  \n<\/div>  \n<\/a>\n\n\n\t\n      \n\n\t\t<a class=\"\" href=\"https:\/\/gelatoworld.com\/fr\/product\/koreia\/\" >\n  <div class=\"product-blokje\">\n  <div class=\"grid-blokje in-slider\">\n  <div class=\"achtergrond-container\">\n    <div class=\"achtergrond-laag\" style=\"background-image:url(https:\/\/gelatoworld.com\/wp-content\/uploads\/koreia-vetrina-rossa-1024x647.jpg);\"><\/div>\n  <\/div>\n<\/div>\n\n<div class=\"onderkant-content\">\n  <span class=\"product-merk\">Orion<\/span>\n  <h3>Koreia<\/h3>\n<\/div>\n  \n<\/div>  \n<\/a>\n\n\n\t\n      \n\n\t\t<a class=\"\" href=\"https:\/\/gelatoworld.com\/fr\/product\/tecnica\/\" >\n  <div class=\"product-blokje\">\n  <div class=\"grid-blokje in-slider\">\n  <div class=\"achtergrond-container\">\n    <div class=\"achtergrond-laag\" style=\"background-image:url(https:\/\/gelatoworld.com\/wp-content\/uploads\/tecnica-vetrina-vista-basso-1024x888.jpg);\"><\/div>\n  <\/div>\n<\/div>\n\n<div class=\"onderkant-content\">\n  <span class=\"product-merk\">Orion<\/span>\n  <h3>Tecnica<\/h3>\n<\/div>\n  \n<\/div>  \n<\/a>\n\n\n\t\n      \n\n\t\t<a class=\"\" href=\"https:\/\/gelatoworld.com\/fr\/product\/kate\/\" >\n  <div class=\"product-blokje\">\n  <div class=\"grid-blokje in-slider\">\n  <div class=\"achtergrond-container\">\n    <div class=\"achtergrond-laag\" style=\"background-image:url(https:\/\/gelatoworld.com\/wp-content\/uploads\/Orion-Kate-2018-rossa-1024x635.jpg);\"><\/div>\n  <\/div>\n<\/div>\n\n<div class=\"onderkant-content\">\n  <span class=\"product-merk\">Orion<\/span>\n  <h3>Kate<\/h3>\n<\/div>\n  \n<\/div>  \n<\/a>\n\n\n\t\n      \n\n\t\t<a class=\"\" href=\"https:\/\/gelatoworld.com\/fr\/product\/evo\/\" >\n  <div class=\"product-blokje\">\n  <div class=\"grid-blokje in-slider\">\n  <div class=\"achtergrond-container\">\n    <div class=\"achtergrond-laag\" style=\"background-image:url(https:\/\/gelatoworld.com\/wp-content\/uploads\/Schermafbeelding-2022-10-19-om-14.01.42-1024x890.png);\"><\/div>\n  <\/div>\n<\/div>\n\n<div class=\"onderkant-content\">\n  <span class=\"product-merk\">Orion<\/span>\n  <h3>Evo<\/h3>\n<\/div>\n  \n<\/div>  \n<\/a>\n\n\n\t\n      \n\n\t\t<a class=\"\" href=\"https:\/\/gelatoworld.com\/fr\/product\/ice3\/\" >\n  <div class=\"product-blokje\">\n  <div class=\"grid-blokje in-slider\">\n  <div class=\"achtergrond-container\">\n    <div class=\"achtergrond-laag\" style=\"background-image:url(https:\/\/gelatoworld.com\/wp-content\/uploads\/Vetrina-Gelateria-2-1024x1024.jpg);\"><\/div>\n  <\/div>\n<\/div>\n\n<div class=\"onderkant-content\">\n  <span class=\"product-merk\">Orion<\/span>\n  <h3>Ice3<\/h3>\n<\/div>\n  \n<\/div>  \n<\/a>\n\n\n\t\n      \n\n\t\t<a class=\"\" href=\"https:\/\/gelatoworld.com\/fr\/product\/cosmo\/\" >\n  <div class=\"product-blokje\">\n  <div class=\"grid-blokje in-slider\">\n  <div class=\"achtergrond-container\">\n    <div class=\"achtergrond-laag\" style=\"background-image:url(https:\/\/gelatoworld.com\/wp-content\/uploads\/Scherm\u00adafbeelding-2022-12-19-om-15.58.21-801x1024.png);\"><\/div>\n  <\/div>\n<\/div>\n\n<div class=\"onderkant-content\">\n  <span class=\"product-merk\">Orion<\/span>\n  <h3>Cosmo<\/h3>\n<\/div>\n  \n<\/div>  \n<\/a>\n\n\n\t\n      \n\n\t\t<a class=\"\" href=\"https:\/\/gelatoworld.com\/fr\/product\/blue\/\" >\n  <div class=\"product-blokje\">\n  <div class=\"grid-blokje in-slider\">\n  <div class=\"achtergrond-container\">\n    <div class=\"achtergrond-laag\" style=\"background-image:url(https:\/\/gelatoworld.com\/wp-content\/uploads\/Scherm\u00adafbeelding-2022-12-19-om-15.12.21-851x1024.png);\"><\/div>\n  <\/div>\n<\/div>\n\n<div class=\"onderkant-content\">\n  <span class=\"product-merk\">Orion<\/span>\n  <h3>Blue<\/h3>\n<\/div>\n  \n<\/div>  \n<\/a>\n\n\n\t\n\t\n          <\/div>\n\t\n\t\n<\/div>\n[\/vc_column_text][\/vc_column][\/vc_row]\n","protected":false},"excerpt":{"rendered":"<p>[vc_row type=\u00a0\u00bbfull_width_background\u00a0\u00bb full_screen_row_position=\u00a0\u00bbmiddle\u00a0\u00bb column_margin=\u00a0\u00bbdefault\u00a0\u00bb column_direction=\u00a0\u00bbdefault\u00a0\u00bb column_direction_tablet=\u00a0\u00bbdefault\u00a0\u00bb column_direction_phone=\u00a0\u00bbdefault\u00a0\u00bb scene_position=\u00a0\u00bbcenter\u00a0\u00bb top_padding=\u00a0\u00bb90&Prime; bottom_padding=\u00a0\u00bb90&Prime; text_color=\u00a0\u00bbdark\u00a0\u00bb text_align=\u00a0\u00bbleft\u00a0\u00bb row_border_radius=\u00a0\u00bbnone\u00a0\u00bb row_border_radius_applies=\u00a0\u00bbbg\u00a0\u00bb overlay_strength=\u00a0\u00bb0.3&Prime; gradient_direction=\u00a0\u00bbleft_to_right\u00a0\u00bb shape_divider_position=\u00a0\u00bbbottom\u00a0\u00bb bg_image_animation=\u00a0\u00bbnone\u00a0\u00bb shape_type=\u00a0\u00bb\u00a0\u00bb][vc_column column_padding=\u00a0\u00bbno-extra-padding\u00a0\u00bb column_padding_tablet=\u00a0\u00bbinherit\u00a0\u00bb column_padding_phone=\u00a0\u00bbinherit\u00a0\u00bb column_padding_position=\u00a0\u00bball\u00a0\u00bb top_margin=\u00a0\u00bb0&Prime; column_element_spacing=\u00a0\u00bbdefault\u00a0\u00bb background_color_opacity=\u00a0\u00bb1&Prime; background_hover_color_opacity=\u00a0\u00bb1&Prime; column_shadow=\u00a0\u00bbnone\u00a0\u00bb column_border_radius=\u00a0\u00bbnone\u00a0\u00bb column_link_target=\u00a0\u00bb_self\u00a0\u00bb&#8230;<\/p>\n","protected":false},"author":3,"featured_media":0,"parent":0,"menu_order":0,"comment_status":"closed","ping_status":"closed","template":"","meta":{"footnotes":""},"class_list":["post-1901","page","type-page","status-publish"],"_links":{"self":[{"href":"https:\/\/gelatoworld.com\/fr\/wp-json\/wp\/v2\/pages\/1901","targetHints":{"allow":["GET"]}}],"collection":[{"href":"https:\/\/gelatoworld.com\/fr\/wp-json\/wp\/v2\/pages"}],"about":[{"href":"https:\/\/gelatoworld.com\/fr\/wp-json\/wp\/v2\/types\/page"}],"author":[{"embeddable":true,"href":"https:\/\/gelatoworld.com\/fr\/wp-json\/wp\/v2\/users\/3"}],"replies":[{"embeddable":true,"href":"https:\/\/gelatoworld.com\/fr\/wp-json\/wp\/v2\/comments?post=1901"}],"version-history":[{"count":4,"href":"https:\/\/gelatoworld.com\/fr\/wp-json\/wp\/v2\/pages\/1901\/revisions"}],"predecessor-version":[{"id":2712,"href":"https:\/\/gelatoworld.com\/fr\/wp-json\/wp\/v2\/pages\/1901\/revisions\/2712"}],"wp:attachment":[{"href":"https:\/\/gelatoworld.com\/fr\/wp-json\/wp\/v2\/media?parent=1901"}],"curies":[{"name":"wp","href":"https:\/\/api.w.org\/{rel}","templated":true}]}}